{"id":2265,"date":"2021-09-14T09:00:25","date_gmt":"2021-09-14T09:00:25","guid":{"rendered":"https:\/\/atriacareers.com\/?page_id=2265"},"modified":"2025-10-15T15:35:57","modified_gmt":"2025-10-15T15:35:57","slug":"privacy-policy-2","status":"publish","type":"page","link":"https:\/\/atriacareers.com\/es\/privacy-policy-2\/","title":{"rendered":"Pol\u00edtica de privacidad"},"content":{"rendered":"","protected":false},"excerpt":{"rendered":"","protected":false},"author":1,"featured_media":0,"parent":0,"menu_order":0,"comment_status":"closed","ping_status":"closed","template":"","meta":[],"acf":[],"yoast_head":"<!-- This site is optimized with the Yoast SEO plugin v19.14 - https:\/\/yoast.com\/wordpress\/plugins\/seo\/ -->\n<title>Carreras en Atria Senior Living | Pol\u00edtica de Privacidad<\/title>\n<meta name=\"description\" content=\"Esta Pol\u00edtica de Privacidad en l\u00ednea aplica para su informaci\u00f3n personal que Atria Senior Living Inc. pueda obtener cuando usted visita nuestro sitio. Encuentre empleos en Atria cerca de usted.\" \/>\n<meta name=\"robots\" content=\"index, follow, max-snippet:-1, max-image-preview:large, max-video-preview:-1\" \/>\n<link rel=\"canonical\" href=\"https:\/\/atriacareers.com\/es\/privacy-policy-2\/\" \/>\n<meta property=\"og:locale\" content=\"en_US\" \/>\n<meta property=\"og:type\" content=\"article\" \/>\n<meta property=\"og:title\" content=\"Carreras en Atria Senior Living | Pol\u00edtica de Privacidad\" \/>\n<meta property=\"og:description\" content=\"Esta Pol\u00edtica de Privacidad en l\u00ednea aplica para su informaci\u00f3n personal que Atria Senior Living Inc. pueda obtener cuando usted visita nuestro sitio. Encuentre empleos en Atria cerca de usted.\" \/>\n<meta property=\"og:url\" content=\"https:\/\/atriacareers.com\/es\/privacy-policy-2\/\" \/>\n<meta property=\"og:site_name\" content=\"Atria ES\" \/>\n<meta property=\"article:modified_time\" content=\"2025-10-15T15:35:57+00:00\" \/>\n<meta name=\"twitter:card\" content=\"summary_large_image\" \/>\n<script type=\"application\/ld+json\" class=\"yoast-schema-graph\">{\"@context\":\"https:\/\/schema.org\",\"@graph\":[{\"@type\":\"WebPage\",\"@id\":\"https:\/\/atriacareers.com\/es\/privacy-policy-2\/\",\"url\":\"https:\/\/atriacareers.com\/es\/privacy-policy-2\/\",\"name\":\"Carreras en Atria Senior Living | Pol\u00edtica de Privacidad\",\"isPartOf\":{\"@id\":\"https:\/\/atriacareers.com\/es\/#website\"},\"datePublished\":\"2021-09-14T09:00:25+00:00\",\"dateModified\":\"2025-10-15T15:35:57+00:00\",\"description\":\"Esta Pol\u00edtica de Privacidad en l\u00ednea aplica para su informaci\u00f3n personal que Atria Senior Living Inc. pueda obtener cuando usted visita nuestro sitio. Encuentre empleos en Atria cerca de usted.\",\"breadcrumb\":{\"@id\":\"https:\/\/atriacareers.com\/es\/privacy-policy-2\/#breadcrumb\"},\"inLanguage\":\"en-US\",\"potentialAction\":[{\"@type\":\"ReadAction\",\"target\":[\"https:\/\/atriacareers.com\/es\/privacy-policy-2\/\"]}]},{\"@type\":\"BreadcrumbList\",\"@id\":\"https:\/\/atriacareers.com\/es\/privacy-policy-2\/#breadcrumb\",\"itemListElement\":[{\"@type\":\"ListItem\",\"position\":1,\"name\":\"Home\",\"item\":\"https:\/\/atriacareers.com\/es\/\"},{\"@type\":\"ListItem\",\"position\":2,\"name\":\"Pol\u00edtica de privacidad\"}]},{\"@type\":\"WebSite\",\"@id\":\"https:\/\/atriacareers.com\/es\/#website\",\"url\":\"https:\/\/atriacareers.com\/es\/\",\"name\":\"Atria ES\",\"description\":\"Just another Atria Sites site\",\"potentialAction\":[{\"@type\":\"SearchAction\",\"target\":{\"@type\":\"EntryPoint\",\"urlTemplate\":\"https:\/\/atriacareers.com\/es\/?s={search_term_string}\"},\"query-input\":\"required name=search_term_string\"}],\"inLanguage\":\"en-US\"}]}<\/script>\n<!-- \/ Yoast SEO plugin. -->","yoast_head_json":{"title":"Carreras en Atria Senior Living | Pol\u00edtica de Privacidad","description":"Esta Pol\u00edtica de Privacidad en l\u00ednea aplica para su informaci\u00f3n personal que Atria Senior Living Inc. pueda obtener cuando usted visita nuestro sitio. Encuentre empleos en Atria cerca de usted.","robots":{"index":"index","follow":"follow","max-snippet":"max-snippet:-1","max-image-preview":"max-image-preview:large","max-video-preview":"max-video-preview:-1"},"canonical":"https:\/\/atriacareers.com\/es\/privacy-policy-2\/","og_locale":"en_US","og_type":"article","og_title":"Carreras en Atria Senior Living | Pol\u00edtica de Privacidad","og_description":"Esta Pol\u00edtica de Privacidad en l\u00ednea aplica para su informaci\u00f3n personal que Atria Senior Living Inc. pueda obtener cuando usted visita nuestro sitio. Encuentre empleos en Atria cerca de usted.","og_url":"https:\/\/atriacareers.com\/es\/privacy-policy-2\/","og_site_name":"Atria ES","article_modified_time":"2025-10-15T15:35:57+00:00","twitter_card":"summary_large_image","schema":{"@context":"https:\/\/schema.org","@graph":[{"@type":"WebPage","@id":"https:\/\/atriacareers.com\/es\/privacy-policy-2\/","url":"https:\/\/atriacareers.com\/es\/privacy-policy-2\/","name":"Carreras en Atria Senior Living | Pol\u00edtica de Privacidad","isPartOf":{"@id":"https:\/\/atriacareers.com\/es\/#website"},"datePublished":"2021-09-14T09:00:25+00:00","dateModified":"2025-10-15T15:35:57+00:00","description":"Esta Pol\u00edtica de Privacidad en l\u00ednea aplica para su informaci\u00f3n personal que Atria Senior Living Inc. pueda obtener cuando usted visita nuestro sitio. Encuentre empleos en Atria cerca de usted.","breadcrumb":{"@id":"https:\/\/atriacareers.com\/es\/privacy-policy-2\/#breadcrumb"},"inLanguage":"en-US","potentialAction":[{"@type":"ReadAction","target":["https:\/\/atriacareers.com\/es\/privacy-policy-2\/"]}]},{"@type":"BreadcrumbList","@id":"https:\/\/atriacareers.com\/es\/privacy-policy-2\/#breadcrumb","itemListElement":[{"@type":"ListItem","position":1,"name":"Home","item":"https:\/\/atriacareers.com\/es\/"},{"@type":"ListItem","position":2,"name":"Pol\u00edtica de privacidad"}]},{"@type":"WebSite","@id":"https:\/\/atriacareers.com\/es\/#website","url":"https:\/\/atriacareers.com\/es\/","name":"Atria ES","description":"Just another Atria Sites site","potentialAction":[{"@type":"SearchAction","target":{"@type":"EntryPoint","urlTemplate":"https:\/\/atriacareers.com\/es\/?s={search_term_string}"},"query-input":"required name=search_term_string"}],"inLanguage":"en-US"}]}},"_links":{"self":[{"href":"https:\/\/atriacareers.com\/es\/wp-json\/wp\/v2\/pages\/2265"}],"collection":[{"href":"https:\/\/atriacareers.com\/es\/wp-json\/wp\/v2\/pages"}],"about":[{"href":"https:\/\/atriacareers.com\/es\/wp-json\/wp\/v2\/types\/page"}],"author":[{"embeddable":true,"href":"https:\/\/atriacareers.com\/es\/wp-json\/wp\/v2\/users\/1"}],"replies":[{"embeddable":true,"href":"https:\/\/atriacareers.com\/es\/wp-json\/wp\/v2\/comments?post=2265"}],"version-history":[{"count":14,"href":"https:\/\/atriacareers.com\/es\/wp-json\/wp\/v2\/pages\/2265\/revisions"}],"predecessor-version":[{"id":46617,"href":"https:\/\/atriacareers.com\/es\/wp-json\/wp\/v2\/pages\/2265\/revisions\/46617"}],"wp:attachment":[{"href":"https:\/\/atriacareers.com\/es\/wp-json\/wp\/v2\/media?parent=2265"}],"curies":[{"name":"wp","href":"https:\/\/api.w.org\/{rel}","templated":true}]}}