{"id":2269,"date":"2021-09-14T10:32:33","date_gmt":"2021-09-14T10:32:33","guid":{"rendered":"https:\/\/atriacareers.com\/?page_id=2269"},"modified":"2023-05-02T14:16:33","modified_gmt":"2023-05-02T14:16:33","slug":"california-privacy-notice","status":"publish","type":"page","link":"https:\/\/atriacareers.com\/es\/california-privacy-notice\/","title":{"rendered":"Aviso de Privacidad de California"},"content":{"rendered":"","protected":false},"excerpt":{"rendered":"","protected":false},"author":1,"featured_media":0,"parent":0,"menu_order":0,"comment_status":"closed","ping_status":"closed","template":"","meta":[],"acf":[],"yoast_head":"<!-- This site is optimized with the Yoast SEO plugin v19.14 - https:\/\/yoast.com\/wordpress\/plugins\/seo\/ -->\n<title>Atria Senior Living Carreras | Aviso de privacidad California<\/title>\n<meta name=\"description\" content=\"Esta pol\u00edtica de privacidad en l\u00ednea se aplica a la informaci\u00f3n sobre usted que Atria Senior Living, Inc. pueda obtener cuando visite el lugar. Encuentre trabajo cerca de usted en Atria\" \/>\n<meta name=\"robots\" content=\"index, follow, max-snippet:-1, max-image-preview:large, max-video-preview:-1\" \/>\n<link rel=\"canonical\" href=\"https:\/\/atriacareers.com\/es\/california-privacy-notice\/\" \/>\n<meta property=\"og:locale\" content=\"en_US\" \/>\n<meta property=\"og:type\" content=\"article\" \/>\n<meta property=\"og:title\" content=\"Atria Senior Living Carreras | Aviso de privacidad California\" \/>\n<meta property=\"og:description\" content=\"Esta pol\u00edtica de privacidad en l\u00ednea se aplica a la informaci\u00f3n sobre usted que Atria Senior Living, Inc. pueda obtener cuando visite el lugar. Encuentre trabajo cerca de usted en Atria\" \/>\n<meta property=\"og:url\" content=\"https:\/\/atriacareers.com\/es\/california-privacy-notice\/\" \/>\n<meta property=\"og:site_name\" content=\"Atria ES\" \/>\n<meta property=\"article:modified_time\" content=\"2023-05-02T14:16:33+00:00\" \/>\n<meta name=\"twitter:card\" content=\"summary_large_image\" \/>\n<script type=\"application\/ld+json\" class=\"yoast-schema-graph\">{\"@context\":\"https:\/\/schema.org\",\"@graph\":[{\"@type\":\"WebPage\",\"@id\":\"https:\/\/atriacareers.com\/es\/california-privacy-notice\/\",\"url\":\"https:\/\/atriacareers.com\/es\/california-privacy-notice\/\",\"name\":\"Atria Senior Living Carreras | Aviso de privacidad California\",\"isPartOf\":{\"@id\":\"https:\/\/atriacareers.com\/es\/#website\"},\"datePublished\":\"2021-09-14T10:32:33+00:00\",\"dateModified\":\"2023-05-02T14:16:33+00:00\",\"description\":\"Esta pol\u00edtica de privacidad en l\u00ednea se aplica a la informaci\u00f3n sobre usted que Atria Senior Living, Inc. pueda obtener cuando visite el lugar. Encuentre trabajo cerca de usted en Atria\",\"breadcrumb\":{\"@id\":\"https:\/\/atriacareers.com\/es\/california-privacy-notice\/#breadcrumb\"},\"inLanguage\":\"en-US\",\"potentialAction\":[{\"@type\":\"ReadAction\",\"target\":[\"https:\/\/atriacareers.com\/es\/california-privacy-notice\/\"]}]},{\"@type\":\"BreadcrumbList\",\"@id\":\"https:\/\/atriacareers.com\/es\/california-privacy-notice\/#breadcrumb\",\"itemListElement\":[{\"@type\":\"ListItem\",\"position\":1,\"name\":\"Home\",\"item\":\"https:\/\/atriacareers.com\/es\/\"},{\"@type\":\"ListItem\",\"position\":2,\"name\":\"Aviso de Privacidad de California\"}]},{\"@type\":\"WebSite\",\"@id\":\"https:\/\/atriacareers.com\/es\/#website\",\"url\":\"https:\/\/atriacareers.com\/es\/\",\"name\":\"Atria ES\",\"description\":\"Just another Atria Sites site\",\"potentialAction\":[{\"@type\":\"SearchAction\",\"target\":{\"@type\":\"EntryPoint\",\"urlTemplate\":\"https:\/\/atriacareers.com\/es\/?s={search_term_string}\"},\"query-input\":\"required name=search_term_string\"}],\"inLanguage\":\"en-US\"}]}<\/script>\n<!-- \/ Yoast SEO plugin. -->","yoast_head_json":{"title":"Atria Senior Living Carreras | Aviso de privacidad California","description":"Esta pol\u00edtica de privacidad en l\u00ednea se aplica a la informaci\u00f3n sobre usted que Atria Senior Living, Inc. pueda obtener cuando visite el lugar. Encuentre trabajo cerca de usted en Atria","robots":{"index":"index","follow":"follow","max-snippet":"max-snippet:-1","max-image-preview":"max-image-preview:large","max-video-preview":"max-video-preview:-1"},"canonical":"https:\/\/atriacareers.com\/es\/california-privacy-notice\/","og_locale":"en_US","og_type":"article","og_title":"Atria Senior Living Carreras | Aviso de privacidad California","og_description":"Esta pol\u00edtica de privacidad en l\u00ednea se aplica a la informaci\u00f3n sobre usted que Atria Senior Living, Inc. pueda obtener cuando visite el lugar. Encuentre trabajo cerca de usted en Atria","og_url":"https:\/\/atriacareers.com\/es\/california-privacy-notice\/","og_site_name":"Atria ES","article_modified_time":"2023-05-02T14:16:33+00:00","twitter_card":"summary_large_image","schema":{"@context":"https:\/\/schema.org","@graph":[{"@type":"WebPage","@id":"https:\/\/atriacareers.com\/es\/california-privacy-notice\/","url":"https:\/\/atriacareers.com\/es\/california-privacy-notice\/","name":"Atria Senior Living Carreras | Aviso de privacidad California","isPartOf":{"@id":"https:\/\/atriacareers.com\/es\/#website"},"datePublished":"2021-09-14T10:32:33+00:00","dateModified":"2023-05-02T14:16:33+00:00","description":"Esta pol\u00edtica de privacidad en l\u00ednea se aplica a la informaci\u00f3n sobre usted que Atria Senior Living, Inc. pueda obtener cuando visite el lugar. Encuentre trabajo cerca de usted en Atria","breadcrumb":{"@id":"https:\/\/atriacareers.com\/es\/california-privacy-notice\/#breadcrumb"},"inLanguage":"en-US","potentialAction":[{"@type":"ReadAction","target":["https:\/\/atriacareers.com\/es\/california-privacy-notice\/"]}]},{"@type":"BreadcrumbList","@id":"https:\/\/atriacareers.com\/es\/california-privacy-notice\/#breadcrumb","itemListElement":[{"@type":"ListItem","position":1,"name":"Home","item":"https:\/\/atriacareers.com\/es\/"},{"@type":"ListItem","position":2,"name":"Aviso de Privacidad de California"}]},{"@type":"WebSite","@id":"https:\/\/atriacareers.com\/es\/#website","url":"https:\/\/atriacareers.com\/es\/","name":"Atria ES","description":"Just another Atria Sites site","potentialAction":[{"@type":"SearchAction","target":{"@type":"EntryPoint","urlTemplate":"https:\/\/atriacareers.com\/es\/?s={search_term_string}"},"query-input":"required name=search_term_string"}],"inLanguage":"en-US"}]}},"_links":{"self":[{"href":"https:\/\/atriacareers.com\/es\/wp-json\/wp\/v2\/pages\/2269"}],"collection":[{"href":"https:\/\/atriacareers.com\/es\/wp-json\/wp\/v2\/pages"}],"about":[{"href":"https:\/\/atriacareers.com\/es\/wp-json\/wp\/v2\/types\/page"}],"author":[{"embeddable":true,"href":"https:\/\/atriacareers.com\/es\/wp-json\/wp\/v2\/users\/1"}],"replies":[{"embeddable":true,"href":"https:\/\/atriacareers.com\/es\/wp-json\/wp\/v2\/comments?post=2269"}],"version-history":[{"count":12,"href":"https:\/\/atriacareers.com\/es\/wp-json\/wp\/v2\/pages\/2269\/revisions"}],"predecessor-version":[{"id":8786,"href":"https:\/\/atriacareers.com\/es\/wp-json\/wp\/v2\/pages\/2269\/revisions\/8786"}],"wp:attachment":[{"href":"https:\/\/atriacareers.com\/es\/wp-json\/wp\/v2\/media?parent=2269"}],"curies":[{"name":"wp","href":"https:\/\/api.w.org\/{rel}","templated":true}]}}