{"id":46581,"date":"2023-06-07T11:49:30","date_gmt":"2023-06-07T15:49:30","guid":{"rendered":"https:\/\/staging-atriacareersprod.kinsta.cloud\/?page_id=46581"},"modified":"2024-10-29T20:35:17","modified_gmt":"2024-10-29T20:35:17","slug":"direccion","status":"publish","type":"page","link":"https:\/\/atriacareers.com\/es\/direccion\/","title":{"rendered":"Direcci\u00f3n"},"content":{"rendered":"","protected":false},"excerpt":{"rendered":"","protected":false},"author":27,"featured_media":0,"parent":0,"menu_order":0,"comment_status":"closed","ping_status":"closed","template":"","meta":[],"acf":[],"yoast_head":"<!-- This site is optimized with the Yoast SEO plugin v19.14 - https:\/\/yoast.com\/wordpress\/plugins\/seo\/ -->\n<title>Direcci\u00f3n - Atria ES<\/title>\n<meta name=\"description\" content=\"Tenemos a los l\u00edderes m\u00e1s atentos y experimentados al tim\u00f3n de una empresa extraordinaria, que invierte en el futuro de la tercera edad invirtiendo en nuestro equipo.\" \/>\n<meta name=\"robots\" content=\"index, follow, max-snippet:-1, max-image-preview:large, max-video-preview:-1\" \/>\n<link rel=\"canonical\" href=\"https:\/\/atriacareers.com\/es\/direccion\/\" \/>\n<meta property=\"og:locale\" content=\"en_US\" \/>\n<meta property=\"og:type\" content=\"article\" \/>\n<meta property=\"og:title\" content=\"Direcci\u00f3n - Atria ES\" \/>\n<meta property=\"og:description\" content=\"Tenemos a los l\u00edderes m\u00e1s atentos y experimentados al tim\u00f3n de una empresa extraordinaria, que invierte en el futuro de la tercera edad invirtiendo en nuestro equipo.\" \/>\n<meta property=\"og:url\" content=\"https:\/\/atriacareers.com\/es\/direccion\/\" \/>\n<meta property=\"og:site_name\" content=\"Atria ES\" \/>\n<meta property=\"article:modified_time\" content=\"2024-10-29T20:35:17+00:00\" \/>\n<meta name=\"twitter:card\" content=\"summary_large_image\" \/>\n<script type=\"application\/ld+json\" class=\"yoast-schema-graph\">{\"@context\":\"https:\/\/schema.org\",\"@graph\":[{\"@type\":\"WebPage\",\"@id\":\"https:\/\/atriacareers.com\/es\/direccion\/\",\"url\":\"https:\/\/atriacareers.com\/es\/direccion\/\",\"name\":\"Direcci\u00f3n - Atria ES\",\"isPartOf\":{\"@id\":\"https:\/\/atriacareers.com\/es\/#website\"},\"datePublished\":\"2023-06-07T15:49:30+00:00\",\"dateModified\":\"2024-10-29T20:35:17+00:00\",\"description\":\"Tenemos a los l\u00edderes m\u00e1s atentos y experimentados al tim\u00f3n de una empresa extraordinaria, que invierte en el futuro de la tercera edad invirtiendo en nuestro equipo.\",\"breadcrumb\":{\"@id\":\"https:\/\/atriacareers.com\/es\/direccion\/#breadcrumb\"},\"inLanguage\":\"en-US\",\"potentialAction\":[{\"@type\":\"ReadAction\",\"target\":[\"https:\/\/atriacareers.com\/es\/direccion\/\"]}]},{\"@type\":\"BreadcrumbList\",\"@id\":\"https:\/\/atriacareers.com\/es\/direccion\/#breadcrumb\",\"itemListElement\":[{\"@type\":\"ListItem\",\"position\":1,\"name\":\"Home\",\"item\":\"https:\/\/atriacareers.com\/es\/\"},{\"@type\":\"ListItem\",\"position\":2,\"name\":\"Direcci\u00f3n\"}]},{\"@type\":\"WebSite\",\"@id\":\"https:\/\/atriacareers.com\/es\/#website\",\"url\":\"https:\/\/atriacareers.com\/es\/\",\"name\":\"Atria ES\",\"description\":\"Just another Atria Sites site\",\"potentialAction\":[{\"@type\":\"SearchAction\",\"target\":{\"@type\":\"EntryPoint\",\"urlTemplate\":\"https:\/\/atriacareers.com\/es\/?s={search_term_string}\"},\"query-input\":\"required name=search_term_string\"}],\"inLanguage\":\"en-US\"}]}<\/script>\n<!-- \/ Yoast SEO plugin. -->","yoast_head_json":{"title":"Direcci\u00f3n - Atria ES","description":"Tenemos a los l\u00edderes m\u00e1s atentos y experimentados al tim\u00f3n de una empresa extraordinaria, que invierte en el futuro de la tercera edad invirtiendo en nuestro equipo.","robots":{"index":"index","follow":"follow","max-snippet":"max-snippet:-1","max-image-preview":"max-image-preview:large","max-video-preview":"max-video-preview:-1"},"canonical":"https:\/\/atriacareers.com\/es\/direccion\/","og_locale":"en_US","og_type":"article","og_title":"Direcci\u00f3n - Atria ES","og_description":"Tenemos a los l\u00edderes m\u00e1s atentos y experimentados al tim\u00f3n de una empresa extraordinaria, que invierte en el futuro de la tercera edad invirtiendo en nuestro equipo.","og_url":"https:\/\/atriacareers.com\/es\/direccion\/","og_site_name":"Atria ES","article_modified_time":"2024-10-29T20:35:17+00:00","twitter_card":"summary_large_image","schema":{"@context":"https:\/\/schema.org","@graph":[{"@type":"WebPage","@id":"https:\/\/atriacareers.com\/es\/direccion\/","url":"https:\/\/atriacareers.com\/es\/direccion\/","name":"Direcci\u00f3n - Atria ES","isPartOf":{"@id":"https:\/\/atriacareers.com\/es\/#website"},"datePublished":"2023-06-07T15:49:30+00:00","dateModified":"2024-10-29T20:35:17+00:00","description":"Tenemos a los l\u00edderes m\u00e1s atentos y experimentados al tim\u00f3n de una empresa extraordinaria, que invierte en el futuro de la tercera edad invirtiendo en nuestro equipo.","breadcrumb":{"@id":"https:\/\/atriacareers.com\/es\/direccion\/#breadcrumb"},"inLanguage":"en-US","potentialAction":[{"@type":"ReadAction","target":["https:\/\/atriacareers.com\/es\/direccion\/"]}]},{"@type":"BreadcrumbList","@id":"https:\/\/atriacareers.com\/es\/direccion\/#breadcrumb","itemListElement":[{"@type":"ListItem","position":1,"name":"Home","item":"https:\/\/atriacareers.com\/es\/"},{"@type":"ListItem","position":2,"name":"Direcci\u00f3n"}]},{"@type":"WebSite","@id":"https:\/\/atriacareers.com\/es\/#website","url":"https:\/\/atriacareers.com\/es\/","name":"Atria ES","description":"Just another Atria Sites site","potentialAction":[{"@type":"SearchAction","target":{"@type":"EntryPoint","urlTemplate":"https:\/\/atriacareers.com\/es\/?s={search_term_string}"},"query-input":"required name=search_term_string"}],"inLanguage":"en-US"}]}},"_links":{"self":[{"href":"https:\/\/atriacareers.com\/es\/wp-json\/wp\/v2\/pages\/46581"}],"collection":[{"href":"https:\/\/atriacareers.com\/es\/wp-json\/wp\/v2\/pages"}],"about":[{"href":"https:\/\/atriacareers.com\/es\/wp-json\/wp\/v2\/types\/page"}],"author":[{"embeddable":true,"href":"https:\/\/atriacareers.com\/es\/wp-json\/wp\/v2\/users\/27"}],"replies":[{"embeddable":true,"href":"https:\/\/atriacareers.com\/es\/wp-json\/wp\/v2\/comments?post=46581"}],"version-history":[{"count":11,"href":"https:\/\/atriacareers.com\/es\/wp-json\/wp\/v2\/pages\/46581\/revisions"}],"predecessor-version":[{"id":46612,"href":"https:\/\/atriacareers.com\/es\/wp-json\/wp\/v2\/pages\/46581\/revisions\/46612"}],"wp:attachment":[{"href":"https:\/\/atriacareers.com\/es\/wp-json\/wp\/v2\/media?parent=46581"}],"curies":[{"name":"wp","href":"https:\/\/api.w.org\/{rel}","templated":true}]}}