{"id":2120,"date":"2021-09-05T08:39:26","date_gmt":"2021-09-05T08:39:26","guid":{"rendered":"https:\/\/atriacareers.com\/front-page-copy\/"},"modified":"2024-10-29T20:36:25","modified_gmt":"2024-10-29T20:36:25","slug":"front-page-copy","status":"publish","type":"page","link":"https:\/\/atriacareers.com\/fr\/","title":{"rendered":"Front Page"},"content":{"rendered":"","protected":false},"excerpt":{"rendered":"","protected":false},"author":1,"featured_media":0,"parent":0,"menu_order":0,"comment_status":"closed","ping_status":"closed","template":"","meta":[],"acf":[],"yoast_head":"<!-- This site is optimized with the Yoast SEO plugin v19.14 - https:\/\/yoast.com\/wordpress\/plugins\/seo\/ -->\n<title>Carri\u00e8res chez Atria Senior Living | Page d&#039;accueil<\/title>\n<meta name=\"description\" content=\"Atria Senior Living est un fournisseur de logements pour personnes \u00e2g\u00e9es tourn\u00e9 vers le futur. Trouvez un emploi pr\u00e8s de chez vous et postulez pour commencer votre carri\u00e8re chez Atria Senior Living d\u00e8s aujourd&#039;hui.\" \/>\n<meta name=\"robots\" content=\"index, follow, max-snippet:-1, max-image-preview:large, max-video-preview:-1\" \/>\n<link rel=\"canonical\" href=\"https:\/\/atriacareers.com\/fr\/\" \/>\n<meta property=\"og:locale\" content=\"en_US\" \/>\n<meta property=\"og:type\" content=\"article\" \/>\n<meta property=\"og:title\" content=\"Carri\u00e8res chez Atria Senior Living | Page d&#039;accueil\" \/>\n<meta property=\"og:description\" content=\"Atria Senior Living est un fournisseur de logements pour personnes \u00e2g\u00e9es tourn\u00e9 vers le futur. Trouvez un emploi pr\u00e8s de chez vous et postulez pour commencer votre carri\u00e8re chez Atria Senior Living d\u00e8s aujourd&#039;hui.\" \/>\n<meta property=\"og:url\" content=\"https:\/\/atriacareers.com\/fr\/\" \/>\n<meta property=\"og:site_name\" content=\"Atria FR\" \/>\n<meta property=\"article:modified_time\" content=\"2024-10-29T20:36:25+00:00\" \/>\n<meta name=\"twitter:card\" content=\"summary_large_image\" \/>\n<script type=\"application\/ld+json\" class=\"yoast-schema-graph\">{\"@context\":\"https:\/\/schema.org\",\"@graph\":[{\"@type\":\"WebPage\",\"@id\":\"https:\/\/atriacareers.com\/fr\/\",\"url\":\"https:\/\/atriacareers.com\/fr\/\",\"name\":\"Carri\u00e8res chez Atria Senior Living | Page d'accueil\",\"isPartOf\":{\"@id\":\"https:\/\/atriacareers.com\/fr\/#website\"},\"datePublished\":\"2021-09-05T08:39:26+00:00\",\"dateModified\":\"2024-10-29T20:36:25+00:00\",\"description\":\"Atria Senior Living est un fournisseur de logements pour personnes \u00e2g\u00e9es tourn\u00e9 vers le futur. Trouvez un emploi pr\u00e8s de chez vous et postulez pour commencer votre carri\u00e8re chez Atria Senior Living d\u00e8s aujourd'hui.\",\"breadcrumb\":{\"@id\":\"https:\/\/atriacareers.com\/fr\/#breadcrumb\"},\"inLanguage\":\"en-US\",\"potentialAction\":[{\"@type\":\"ReadAction\",\"target\":[\"https:\/\/atriacareers.com\/fr\/\"]}]},{\"@type\":\"BreadcrumbList\",\"@id\":\"https:\/\/atriacareers.com\/fr\/#breadcrumb\",\"itemListElement\":[{\"@type\":\"ListItem\",\"position\":1,\"name\":\"Home\",\"item\":\"https:\/\/atriacareers.com\/fr\/\"},{\"@type\":\"ListItem\",\"position\":2,\"name\":\"Front Page\"}]},{\"@type\":\"WebSite\",\"@id\":\"https:\/\/atriacareers.com\/fr\/#website\",\"url\":\"https:\/\/atriacareers.com\/fr\/\",\"name\":\"Atria FR\",\"description\":\"Just another Atria Sites site\",\"potentialAction\":[{\"@type\":\"SearchAction\",\"target\":{\"@type\":\"EntryPoint\",\"urlTemplate\":\"https:\/\/atriacareers.com\/fr\/?s={search_term_string}\"},\"query-input\":\"required name=search_term_string\"}],\"inLanguage\":\"en-US\"}]}<\/script>\n<!-- \/ Yoast SEO plugin. -->","yoast_head_json":{"title":"Carri\u00e8res chez Atria Senior Living | Page d'accueil","description":"Atria Senior Living est un fournisseur de logements pour personnes \u00e2g\u00e9es tourn\u00e9 vers le futur. Trouvez un emploi pr\u00e8s de chez vous et postulez pour commencer votre carri\u00e8re chez Atria Senior Living d\u00e8s aujourd'hui.","robots":{"index":"index","follow":"follow","max-snippet":"max-snippet:-1","max-image-preview":"max-image-preview:large","max-video-preview":"max-video-preview:-1"},"canonical":"https:\/\/atriacareers.com\/fr\/","og_locale":"en_US","og_type":"article","og_title":"Carri\u00e8res chez Atria Senior Living | Page d'accueil","og_description":"Atria Senior Living est un fournisseur de logements pour personnes \u00e2g\u00e9es tourn\u00e9 vers le futur. Trouvez un emploi pr\u00e8s de chez vous et postulez pour commencer votre carri\u00e8re chez Atria Senior Living d\u00e8s aujourd'hui.","og_url":"https:\/\/atriacareers.com\/fr\/","og_site_name":"Atria FR","article_modified_time":"2024-10-29T20:36:25+00:00","twitter_card":"summary_large_image","schema":{"@context":"https:\/\/schema.org","@graph":[{"@type":"WebPage","@id":"https:\/\/atriacareers.com\/fr\/","url":"https:\/\/atriacareers.com\/fr\/","name":"Carri\u00e8res chez Atria Senior Living | Page d'accueil","isPartOf":{"@id":"https:\/\/atriacareers.com\/fr\/#website"},"datePublished":"2021-09-05T08:39:26+00:00","dateModified":"2024-10-29T20:36:25+00:00","description":"Atria Senior Living est un fournisseur de logements pour personnes \u00e2g\u00e9es tourn\u00e9 vers le futur. Trouvez un emploi pr\u00e8s de chez vous et postulez pour commencer votre carri\u00e8re chez Atria Senior Living d\u00e8s aujourd'hui.","breadcrumb":{"@id":"https:\/\/atriacareers.com\/fr\/#breadcrumb"},"inLanguage":"en-US","potentialAction":[{"@type":"ReadAction","target":["https:\/\/atriacareers.com\/fr\/"]}]},{"@type":"BreadcrumbList","@id":"https:\/\/atriacareers.com\/fr\/#breadcrumb","itemListElement":[{"@type":"ListItem","position":1,"name":"Home","item":"https:\/\/atriacareers.com\/fr\/"},{"@type":"ListItem","position":2,"name":"Front Page"}]},{"@type":"WebSite","@id":"https:\/\/atriacareers.com\/fr\/#website","url":"https:\/\/atriacareers.com\/fr\/","name":"Atria FR","description":"Just another Atria Sites site","potentialAction":[{"@type":"SearchAction","target":{"@type":"EntryPoint","urlTemplate":"https:\/\/atriacareers.com\/fr\/?s={search_term_string}"},"query-input":"required name=search_term_string"}],"inLanguage":"en-US"}]}},"_links":{"self":[{"href":"https:\/\/atriacareers.com\/fr\/wp-json\/wp\/v2\/pages\/2120"}],"collection":[{"href":"https:\/\/atriacareers.com\/fr\/wp-json\/wp\/v2\/pages"}],"about":[{"href":"https:\/\/atriacareers.com\/fr\/wp-json\/wp\/v2\/types\/page"}],"author":[{"embeddable":true,"href":"https:\/\/atriacareers.com\/fr\/wp-json\/wp\/v2\/users\/1"}],"replies":[{"embeddable":true,"href":"https:\/\/atriacareers.com\/fr\/wp-json\/wp\/v2\/comments?post=2120"}],"version-history":[{"count":87,"href":"https:\/\/atriacareers.com\/fr\/wp-json\/wp\/v2\/pages\/2120\/revisions"}],"predecessor-version":[{"id":46613,"href":"https:\/\/atriacareers.com\/fr\/wp-json\/wp\/v2\/pages\/2120\/revisions\/46613"}],"wp:attachment":[{"href":"https:\/\/atriacareers.com\/fr\/wp-json\/wp\/v2\/media?parent=2120"}],"curies":[{"name":"wp","href":"https:\/\/api.w.org\/{rel}","templated":true}]}}