{"id":2269,"date":"2021-09-14T10:32:33","date_gmt":"2021-09-14T10:32:33","guid":{"rendered":"https:\/\/atriacareers.com\/?page_id=2269"},"modified":"2023-05-02T14:13:16","modified_gmt":"2023-05-02T14:13:16","slug":"california-privacy-notice","status":"publish","type":"page","link":"https:\/\/atriacareers.com\/fr\/california-privacy-notice\/","title":{"rendered":"Atria Senior Living, Inc. Avis de confidentialit\u00e9 de Californie"},"content":{"rendered":"","protected":false},"excerpt":{"rendered":"","protected":false},"author":1,"featured_media":0,"parent":0,"menu_order":0,"comment_status":"closed","ping_status":"closed","template":"","meta":[],"acf":[],"yoast_head":"<!-- This site is optimized with the Yoast SEO plugin v19.14 - https:\/\/yoast.com\/wordpress\/plugins\/seo\/ -->\n<title>Atria Senior Living Carri\u00e8res | Avis de confidentialit\u00e9 Californie<\/title>\n<meta name=\"description\" content=\"Cette politique de confidentialit\u00e9 en ligne s&#039;applique aux informations vous concernant qu&#039;Atria Senior Living, Inc. peut obtenir lorsque vous visitez le site. Trouvez des emplois pr\u00e8s de chez vous chez Atria.\" \/>\n<meta name=\"robots\" content=\"index, follow, max-snippet:-1, max-image-preview:large, max-video-preview:-1\" \/>\n<link rel=\"canonical\" href=\"https:\/\/atriacareers.com\/fr\/california-privacy-notice\/\" \/>\n<meta property=\"og:locale\" content=\"en_US\" \/>\n<meta property=\"og:type\" content=\"article\" \/>\n<meta property=\"og:title\" content=\"Atria Senior Living Carri\u00e8res | Avis de confidentialit\u00e9 Californie\" \/>\n<meta property=\"og:description\" content=\"Cette politique de confidentialit\u00e9 en ligne s&#039;applique aux informations vous concernant qu&#039;Atria Senior Living, Inc. peut obtenir lorsque vous visitez le site. Trouvez des emplois pr\u00e8s de chez vous chez Atria.\" \/>\n<meta property=\"og:url\" content=\"https:\/\/atriacareers.com\/fr\/california-privacy-notice\/\" \/>\n<meta property=\"og:site_name\" content=\"Atria FR\" \/>\n<meta property=\"article:modified_time\" content=\"2023-05-02T14:13:16+00:00\" \/>\n<meta name=\"twitter:card\" content=\"summary_large_image\" \/>\n<script type=\"application\/ld+json\" class=\"yoast-schema-graph\">{\"@context\":\"https:\/\/schema.org\",\"@graph\":[{\"@type\":\"WebPage\",\"@id\":\"https:\/\/atriacareers.com\/fr\/california-privacy-notice\/\",\"url\":\"https:\/\/atriacareers.com\/fr\/california-privacy-notice\/\",\"name\":\"Atria Senior Living Carri\u00e8res | Avis de confidentialit\u00e9 Californie\",\"isPartOf\":{\"@id\":\"https:\/\/atriacareers.com\/fr\/#website\"},\"datePublished\":\"2021-09-14T10:32:33+00:00\",\"dateModified\":\"2023-05-02T14:13:16+00:00\",\"description\":\"Cette politique de confidentialit\u00e9 en ligne s'applique aux informations vous concernant qu'Atria Senior Living, Inc. peut obtenir lorsque vous visitez le site. Trouvez des emplois pr\u00e8s de chez vous chez Atria.\",\"breadcrumb\":{\"@id\":\"https:\/\/atriacareers.com\/fr\/california-privacy-notice\/#breadcrumb\"},\"inLanguage\":\"en-US\",\"potentialAction\":[{\"@type\":\"ReadAction\",\"target\":[\"https:\/\/atriacareers.com\/fr\/california-privacy-notice\/\"]}]},{\"@type\":\"BreadcrumbList\",\"@id\":\"https:\/\/atriacareers.com\/fr\/california-privacy-notice\/#breadcrumb\",\"itemListElement\":[{\"@type\":\"ListItem\",\"position\":1,\"name\":\"Home\",\"item\":\"https:\/\/atriacareers.com\/fr\/\"},{\"@type\":\"ListItem\",\"position\":2,\"name\":\"Atria Senior Living, Inc. Avis de confidentialit\u00e9 de Californie\"}]},{\"@type\":\"WebSite\",\"@id\":\"https:\/\/atriacareers.com\/fr\/#website\",\"url\":\"https:\/\/atriacareers.com\/fr\/\",\"name\":\"Atria FR\",\"description\":\"Just another Atria Sites site\",\"potentialAction\":[{\"@type\":\"SearchAction\",\"target\":{\"@type\":\"EntryPoint\",\"urlTemplate\":\"https:\/\/atriacareers.com\/fr\/?s={search_term_string}\"},\"query-input\":\"required name=search_term_string\"}],\"inLanguage\":\"en-US\"}]}<\/script>\n<!-- \/ Yoast SEO plugin. -->","yoast_head_json":{"title":"Atria Senior Living Carri\u00e8res | Avis de confidentialit\u00e9 Californie","description":"Cette politique de confidentialit\u00e9 en ligne s'applique aux informations vous concernant qu'Atria Senior Living, Inc. peut obtenir lorsque vous visitez le site. Trouvez des emplois pr\u00e8s de chez vous chez Atria.","robots":{"index":"index","follow":"follow","max-snippet":"max-snippet:-1","max-image-preview":"max-image-preview:large","max-video-preview":"max-video-preview:-1"},"canonical":"https:\/\/atriacareers.com\/fr\/california-privacy-notice\/","og_locale":"en_US","og_type":"article","og_title":"Atria Senior Living Carri\u00e8res | Avis de confidentialit\u00e9 Californie","og_description":"Cette politique de confidentialit\u00e9 en ligne s'applique aux informations vous concernant qu'Atria Senior Living, Inc. peut obtenir lorsque vous visitez le site. Trouvez des emplois pr\u00e8s de chez vous chez Atria.","og_url":"https:\/\/atriacareers.com\/fr\/california-privacy-notice\/","og_site_name":"Atria FR","article_modified_time":"2023-05-02T14:13:16+00:00","twitter_card":"summary_large_image","schema":{"@context":"https:\/\/schema.org","@graph":[{"@type":"WebPage","@id":"https:\/\/atriacareers.com\/fr\/california-privacy-notice\/","url":"https:\/\/atriacareers.com\/fr\/california-privacy-notice\/","name":"Atria Senior Living Carri\u00e8res | Avis de confidentialit\u00e9 Californie","isPartOf":{"@id":"https:\/\/atriacareers.com\/fr\/#website"},"datePublished":"2021-09-14T10:32:33+00:00","dateModified":"2023-05-02T14:13:16+00:00","description":"Cette politique de confidentialit\u00e9 en ligne s'applique aux informations vous concernant qu'Atria Senior Living, Inc. peut obtenir lorsque vous visitez le site. Trouvez des emplois pr\u00e8s de chez vous chez Atria.","breadcrumb":{"@id":"https:\/\/atriacareers.com\/fr\/california-privacy-notice\/#breadcrumb"},"inLanguage":"en-US","potentialAction":[{"@type":"ReadAction","target":["https:\/\/atriacareers.com\/fr\/california-privacy-notice\/"]}]},{"@type":"BreadcrumbList","@id":"https:\/\/atriacareers.com\/fr\/california-privacy-notice\/#breadcrumb","itemListElement":[{"@type":"ListItem","position":1,"name":"Home","item":"https:\/\/atriacareers.com\/fr\/"},{"@type":"ListItem","position":2,"name":"Atria Senior Living, Inc. Avis de confidentialit\u00e9 de Californie"}]},{"@type":"WebSite","@id":"https:\/\/atriacareers.com\/fr\/#website","url":"https:\/\/atriacareers.com\/fr\/","name":"Atria FR","description":"Just another Atria Sites site","potentialAction":[{"@type":"SearchAction","target":{"@type":"EntryPoint","urlTemplate":"https:\/\/atriacareers.com\/fr\/?s={search_term_string}"},"query-input":"required name=search_term_string"}],"inLanguage":"en-US"}]}},"_links":{"self":[{"href":"https:\/\/atriacareers.com\/fr\/wp-json\/wp\/v2\/pages\/2269"}],"collection":[{"href":"https:\/\/atriacareers.com\/fr\/wp-json\/wp\/v2\/pages"}],"about":[{"href":"https:\/\/atriacareers.com\/fr\/wp-json\/wp\/v2\/types\/page"}],"author":[{"embeddable":true,"href":"https:\/\/atriacareers.com\/fr\/wp-json\/wp\/v2\/users\/1"}],"replies":[{"embeddable":true,"href":"https:\/\/atriacareers.com\/fr\/wp-json\/wp\/v2\/comments?post=2269"}],"version-history":[{"count":9,"href":"https:\/\/atriacareers.com\/fr\/wp-json\/wp\/v2\/pages\/2269\/revisions"}],"predecessor-version":[{"id":8781,"href":"https:\/\/atriacareers.com\/fr\/wp-json\/wp\/v2\/pages\/2269\/revisions\/8781"}],"wp:attachment":[{"href":"https:\/\/atriacareers.com\/fr\/wp-json\/wp\/v2\/media?parent=2269"}],"curies":[{"name":"wp","href":"https:\/\/api.w.org\/{rel}","templated":true}]}}