{"id":46581,"date":"2023-06-07T11:49:30","date_gmt":"2023-06-07T15:49:30","guid":{"rendered":"https:\/\/staging-atriacareersprod.kinsta.cloud\/?page_id=46581"},"modified":"2024-10-29T20:36:06","modified_gmt":"2024-10-29T20:36:06","slug":"direction","status":"publish","type":"page","link":"https:\/\/atriacareers.com\/fr\/direction\/","title":{"rendered":"Direction"},"content":{"rendered":"","protected":false},"excerpt":{"rendered":"","protected":false},"author":27,"featured_media":0,"parent":0,"menu_order":0,"comment_status":"closed","ping_status":"closed","template":"","meta":[],"acf":[],"yoast_head":"<!-- This site is optimized with the Yoast SEO plugin v19.14 - https:\/\/yoast.com\/wordpress\/plugins\/seo\/ -->\n<title>Direction - Atria FR<\/title>\n<meta name=\"description\" content=\"Nous avons les dirigeants les plus attentionn\u00e9s et les plus exp\u00e9riment\u00e9s \u00e0 la t\u00eate d&#039;une entreprise extraordinaire - une entreprise qui investit dans l&#039;avenir de la vie des personnes \u00e2g\u00e9es en investissant dans notre \u00e9quipe.\" \/>\n<meta name=\"robots\" content=\"index, follow, max-snippet:-1, max-image-preview:large, max-video-preview:-1\" \/>\n<link rel=\"canonical\" href=\"https:\/\/atriacareers.com\/fr\/direction\/\" \/>\n<meta property=\"og:locale\" content=\"en_US\" \/>\n<meta property=\"og:type\" content=\"article\" \/>\n<meta property=\"og:title\" content=\"Direction - Atria FR\" \/>\n<meta property=\"og:description\" content=\"Nous avons les dirigeants les plus attentionn\u00e9s et les plus exp\u00e9riment\u00e9s \u00e0 la t\u00eate d&#039;une entreprise extraordinaire - une entreprise qui investit dans l&#039;avenir de la vie des personnes \u00e2g\u00e9es en investissant dans notre \u00e9quipe.\" \/>\n<meta property=\"og:url\" content=\"https:\/\/atriacareers.com\/fr\/direction\/\" \/>\n<meta property=\"og:site_name\" content=\"Atria FR\" \/>\n<meta property=\"article:modified_time\" content=\"2024-10-29T20:36:06+00:00\" \/>\n<meta name=\"twitter:card\" content=\"summary_large_image\" \/>\n<script type=\"application\/ld+json\" class=\"yoast-schema-graph\">{\"@context\":\"https:\/\/schema.org\",\"@graph\":[{\"@type\":\"WebPage\",\"@id\":\"https:\/\/atriacareers.com\/fr\/direction\/\",\"url\":\"https:\/\/atriacareers.com\/fr\/direction\/\",\"name\":\"Direction - Atria FR\",\"isPartOf\":{\"@id\":\"https:\/\/atriacareers.com\/fr\/#website\"},\"datePublished\":\"2023-06-07T15:49:30+00:00\",\"dateModified\":\"2024-10-29T20:36:06+00:00\",\"description\":\"Nous avons les dirigeants les plus attentionn\u00e9s et les plus exp\u00e9riment\u00e9s \u00e0 la t\u00eate d'une entreprise extraordinaire - une entreprise qui investit dans l'avenir de la vie des personnes \u00e2g\u00e9es en investissant dans notre \u00e9quipe.\",\"breadcrumb\":{\"@id\":\"https:\/\/atriacareers.com\/fr\/direction\/#breadcrumb\"},\"inLanguage\":\"en-US\",\"potentialAction\":[{\"@type\":\"ReadAction\",\"target\":[\"https:\/\/atriacareers.com\/fr\/direction\/\"]}]},{\"@type\":\"BreadcrumbList\",\"@id\":\"https:\/\/atriacareers.com\/fr\/direction\/#breadcrumb\",\"itemListElement\":[{\"@type\":\"ListItem\",\"position\":1,\"name\":\"Home\",\"item\":\"https:\/\/atriacareers.com\/fr\/\"},{\"@type\":\"ListItem\",\"position\":2,\"name\":\"Direction\"}]},{\"@type\":\"WebSite\",\"@id\":\"https:\/\/atriacareers.com\/fr\/#website\",\"url\":\"https:\/\/atriacareers.com\/fr\/\",\"name\":\"Atria FR\",\"description\":\"Just another Atria Sites site\",\"potentialAction\":[{\"@type\":\"SearchAction\",\"target\":{\"@type\":\"EntryPoint\",\"urlTemplate\":\"https:\/\/atriacareers.com\/fr\/?s={search_term_string}\"},\"query-input\":\"required name=search_term_string\"}],\"inLanguage\":\"en-US\"}]}<\/script>\n<!-- \/ Yoast SEO plugin. -->","yoast_head_json":{"title":"Direction - Atria FR","description":"Nous avons les dirigeants les plus attentionn\u00e9s et les plus exp\u00e9riment\u00e9s \u00e0 la t\u00eate d'une entreprise extraordinaire - une entreprise qui investit dans l'avenir de la vie des personnes \u00e2g\u00e9es en investissant dans notre \u00e9quipe.","robots":{"index":"index","follow":"follow","max-snippet":"max-snippet:-1","max-image-preview":"max-image-preview:large","max-video-preview":"max-video-preview:-1"},"canonical":"https:\/\/atriacareers.com\/fr\/direction\/","og_locale":"en_US","og_type":"article","og_title":"Direction - Atria FR","og_description":"Nous avons les dirigeants les plus attentionn\u00e9s et les plus exp\u00e9riment\u00e9s \u00e0 la t\u00eate d'une entreprise extraordinaire - une entreprise qui investit dans l'avenir de la vie des personnes \u00e2g\u00e9es en investissant dans notre \u00e9quipe.","og_url":"https:\/\/atriacareers.com\/fr\/direction\/","og_site_name":"Atria FR","article_modified_time":"2024-10-29T20:36:06+00:00","twitter_card":"summary_large_image","schema":{"@context":"https:\/\/schema.org","@graph":[{"@type":"WebPage","@id":"https:\/\/atriacareers.com\/fr\/direction\/","url":"https:\/\/atriacareers.com\/fr\/direction\/","name":"Direction - Atria FR","isPartOf":{"@id":"https:\/\/atriacareers.com\/fr\/#website"},"datePublished":"2023-06-07T15:49:30+00:00","dateModified":"2024-10-29T20:36:06+00:00","description":"Nous avons les dirigeants les plus attentionn\u00e9s et les plus exp\u00e9riment\u00e9s \u00e0 la t\u00eate d'une entreprise extraordinaire - une entreprise qui investit dans l'avenir de la vie des personnes \u00e2g\u00e9es en investissant dans notre \u00e9quipe.","breadcrumb":{"@id":"https:\/\/atriacareers.com\/fr\/direction\/#breadcrumb"},"inLanguage":"en-US","potentialAction":[{"@type":"ReadAction","target":["https:\/\/atriacareers.com\/fr\/direction\/"]}]},{"@type":"BreadcrumbList","@id":"https:\/\/atriacareers.com\/fr\/direction\/#breadcrumb","itemListElement":[{"@type":"ListItem","position":1,"name":"Home","item":"https:\/\/atriacareers.com\/fr\/"},{"@type":"ListItem","position":2,"name":"Direction"}]},{"@type":"WebSite","@id":"https:\/\/atriacareers.com\/fr\/#website","url":"https:\/\/atriacareers.com\/fr\/","name":"Atria FR","description":"Just another Atria Sites site","potentialAction":[{"@type":"SearchAction","target":{"@type":"EntryPoint","urlTemplate":"https:\/\/atriacareers.com\/fr\/?s={search_term_string}"},"query-input":"required name=search_term_string"}],"inLanguage":"en-US"}]}},"_links":{"self":[{"href":"https:\/\/atriacareers.com\/fr\/wp-json\/wp\/v2\/pages\/46581"}],"collection":[{"href":"https:\/\/atriacareers.com\/fr\/wp-json\/wp\/v2\/pages"}],"about":[{"href":"https:\/\/atriacareers.com\/fr\/wp-json\/wp\/v2\/types\/page"}],"author":[{"embeddable":true,"href":"https:\/\/atriacareers.com\/fr\/wp-json\/wp\/v2\/users\/27"}],"replies":[{"embeddable":true,"href":"https:\/\/atriacareers.com\/fr\/wp-json\/wp\/v2\/comments?post=46581"}],"version-history":[{"count":13,"href":"https:\/\/atriacareers.com\/fr\/wp-json\/wp\/v2\/pages\/46581\/revisions"}],"predecessor-version":[{"id":46612,"href":"https:\/\/atriacareers.com\/fr\/wp-json\/wp\/v2\/pages\/46581\/revisions\/46612"}],"wp:attachment":[{"href":"https:\/\/atriacareers.com\/fr\/wp-json\/wp\/v2\/media?parent=46581"}],"curies":[{"name":"wp","href":"https:\/\/api.w.org\/{rel}","templated":true}]}}